{"id":5429,"date":"2025-09-02T15:01:45","date_gmt":"2025-09-02T13:01:45","guid":{"rendered":"https:\/\/ouestybus.com\/?post_type=product&#038;p=5429"},"modified":"2025-09-17T17:41:22","modified_gmt":"2025-09-17T15:41:22","slug":"le-roi-soleil","status":"publish","type":"product","link":"https:\/\/ouestybus.com\/en\/product\/le-roi-soleil\/","title":{"rendered":"Le Roi Soleil"},"content":{"rendered":"<h2>La com\u00e9die musicale : Le Roi Soleil<\/h2>\n<p>Pour f\u00eater son 20\u00e8me anniversaire, le spectacle mythique<em> Le Roi Soleil<\/em> produit par Dove Attia et mis en sc\u00e8ne par Kamel Ouali, repart en tourn\u00e9e dans une toute nouvelle version in\u00e9dite. Une nostalgie grandissante et des tubes incontournables qui ne nous ont jamais quitt\u00e9s : <em>Le Roi Soleil <\/em>est de retour et voit les choses en grand !<\/p>\n<p>Il s\u2019agira \u00e9galement du retour d\u2019Emmanuel Moire dans le r\u00f4le du Roi Soleil !<\/p>\n<h2><\/h2>\n<h5>Places en cat\u00e9gorie 1.<\/h5>\n<h2><\/h2>\n<h5><a href=\"https:\/\/www.youtube.com\/watch?v=wrmTwQVyNkY\">https:\/\/www.youtube.com\/watch?v=wrmTwQVyNkY<\/a><\/h5>\n<h2><\/h2>\n<h2><\/h2>\n<p>&nbsp;<\/p>\n<p>&nbsp;<\/p>\n<p>&nbsp;<\/p>\n<p>&nbsp;<\/p>\n<p>&nbsp;<\/p>\n<p>&nbsp;<\/p>\n<p>&nbsp;<\/p>","protected":false},"excerpt":{"rendered":"<p><strong>Destination : Brest Arena<\/strong><\/p>\n<p>9 et 10 mai 2026<\/p>","protected":false},"featured_media":5431,"template":"","meta":[],"product_brand":[],"product_cat":[20,16,18],"product_tag":[],"class_list":{"0":"post-5429","1":"product","2":"type-product","3":"status-publish","4":"has-post-thumbnail","6":"product_cat-prochainement","7":"product_cat-circuits","8":"product_cat-circuits-au-depart-de-quimper-concarneau-rosporden-quimperle","9":"description-off","10":"tm-has-options","12":"first","13":"instock","14":"virtual","15":"sold-individually","16":"taxable","17":"purchasable","18":"product-type-booking"},"yoast_head":"<!-- This site is optimized with the Yoast SEO plugin v26.6 - https:\/\/yoast.com\/wordpress\/plugins\/seo\/ -->\n<title>Le Roi Soleil - OuesTyBus<\/title>\n<meta name=\"robots\" content=\"index, follow, max-snippet:-1, max-image-preview:large, max-video-preview:-1\" \/>\n<link rel=\"canonical\" href=\"https:\/\/ouestybus.com\/en\/product\/le-roi-soleil\/\" \/>\n<meta property=\"og:locale\" content=\"en_GB\" \/>\n<meta property=\"og:type\" content=\"article\" \/>\n<meta property=\"og:title\" content=\"Le Roi Soleil - OuesTyBus\" \/>\n<meta property=\"og:description\" content=\"Destination : Brest Arena  9 et 10 mai 2026\" \/>\n<meta property=\"og:url\" content=\"https:\/\/ouestybus.com\/en\/product\/le-roi-soleil\/\" \/>\n<meta property=\"og:site_name\" content=\"OuesTyBus\" \/>\n<meta property=\"article:publisher\" content=\"https:\/\/www.facebook.com\/ouestybus\" \/>\n<meta property=\"article:modified_time\" content=\"2025-09-17T15:41:22+00:00\" \/>\n<meta property=\"og:image\" content=\"https:\/\/ouestybus.com\/wp-content\/uploads\/2025\/09\/Roi-soleil.jpg\" \/>\n\t<meta property=\"og:image:width\" content=\"460\" \/>\n\t<meta property=\"og:image:height\" content=\"689\" \/>\n\t<meta property=\"og:image:type\" content=\"image\/jpeg\" \/>\n<meta name=\"twitter:card\" content=\"summary_large_image\" \/>\n<meta name=\"twitter:label1\" content=\"Estimated reading time\" \/>\n\t<meta name=\"twitter:data1\" content=\"1 minute\" \/>\n<script type=\"application\/ld+json\" class=\"yoast-schema-graph\">{\"@context\":\"https:\/\/schema.org\",\"@graph\":[{\"@type\":\"WebPage\",\"@id\":\"https:\/\/ouestybus.com\/produit\/le-roi-soleil\/\",\"url\":\"https:\/\/ouestybus.com\/produit\/le-roi-soleil\/\",\"name\":\"Le Roi Soleil - OuesTyBus\",\"isPartOf\":{\"@id\":\"https:\/\/ouestybus.com\/en\/#website\"},\"primaryImageOfPage\":{\"@id\":\"https:\/\/ouestybus.com\/produit\/le-roi-soleil\/#primaryimage\"},\"image\":{\"@id\":\"https:\/\/ouestybus.com\/produit\/le-roi-soleil\/#primaryimage\"},\"thumbnailUrl\":\"https:\/\/ouestybus.com\/wp-content\/uploads\/2025\/09\/Roi-soleil.jpg\",\"datePublished\":\"2025-09-02T13:01:45+00:00\",\"dateModified\":\"2025-09-17T15:41:22+00:00\",\"breadcrumb\":{\"@id\":\"https:\/\/ouestybus.com\/produit\/le-roi-soleil\/#breadcrumb\"},\"inLanguage\":\"en-GB\",\"potentialAction\":[{\"@type\":\"ReadAction\",\"target\":[\"https:\/\/ouestybus.com\/produit\/le-roi-soleil\/\"]}]},{\"@type\":\"ImageObject\",\"inLanguage\":\"en-GB\",\"@id\":\"https:\/\/ouestybus.com\/produit\/le-roi-soleil\/#primaryimage\",\"url\":\"https:\/\/ouestybus.com\/wp-content\/uploads\/2025\/09\/Roi-soleil.jpg\",\"contentUrl\":\"https:\/\/ouestybus.com\/wp-content\/uploads\/2025\/09\/Roi-soleil.jpg\",\"width\":460,\"height\":689},{\"@type\":\"BreadcrumbList\",\"@id\":\"https:\/\/ouestybus.com\/produit\/le-roi-soleil\/#breadcrumb\",\"itemListElement\":[{\"@type\":\"ListItem\",\"position\":1,\"name\":\"Accueil\",\"item\":\"https:\/\/ouestybus.com\/\"},{\"@type\":\"ListItem\",\"position\":2,\"name\":\"Boutique\",\"item\":\"https:\/\/ouestybus.com\/en\/boutique\/\"},{\"@type\":\"ListItem\",\"position\":3,\"name\":\"Le Roi Soleil\"}]},{\"@type\":\"WebSite\",\"@id\":\"https:\/\/ouestybus.com\/en\/#website\",\"url\":\"https:\/\/ouestybus.com\/en\/\",\"name\":\"OuesTyBus\",\"description\":\"Circuits touristiques, Tours, Transport de bagages\",\"publisher\":{\"@id\":\"https:\/\/ouestybus.com\/en\/#organization\"},\"potentialAction\":[{\"@type\":\"SearchAction\",\"target\":{\"@type\":\"EntryPoint\",\"urlTemplate\":\"https:\/\/ouestybus.com\/en\/?s={search_term_string}\"},\"query-input\":{\"@type\":\"PropertyValueSpecification\",\"valueRequired\":true,\"valueName\":\"search_term_string\"}}],\"inLanguage\":\"en-GB\"},{\"@type\":\"Organization\",\"@id\":\"https:\/\/ouestybus.com\/en\/#organization\",\"name\":\"OuesTyBus\",\"url\":\"https:\/\/ouestybus.com\/en\/\",\"logo\":{\"@type\":\"ImageObject\",\"inLanguage\":\"en-GB\",\"@id\":\"https:\/\/ouestybus.com\/en\/#\/schema\/logo\/image\/\",\"url\":\"https:\/\/ouestybus.com\/wp-content\/uploads\/2019\/04\/logo_83.png\",\"contentUrl\":\"https:\/\/ouestybus.com\/wp-content\/uploads\/2019\/04\/logo_83.png\",\"width\":64,\"height\":83,\"caption\":\"OuesTyBus\"},\"image\":{\"@id\":\"https:\/\/ouestybus.com\/en\/#\/schema\/logo\/image\/\"},\"sameAs\":[\"https:\/\/www.facebook.com\/ouestybus\",\"https:\/\/www.instagram.com\/ouestybus29\/\"]}]}<\/script>\n<!-- \/ Yoast SEO plugin. -->","yoast_head_json":{"title":"Le Roi Soleil - OuesTyBus","robots":{"index":"index","follow":"follow","max-snippet":"max-snippet:-1","max-image-preview":"max-image-preview:large","max-video-preview":"max-video-preview:-1"},"canonical":"https:\/\/ouestybus.com\/en\/product\/le-roi-soleil\/","og_locale":"en_GB","og_type":"article","og_title":"Le Roi Soleil - OuesTyBus","og_description":"Destination : Brest Arena  9 et 10 mai 2026","og_url":"https:\/\/ouestybus.com\/en\/product\/le-roi-soleil\/","og_site_name":"OuesTyBus","article_publisher":"https:\/\/www.facebook.com\/ouestybus","article_modified_time":"2025-09-17T15:41:22+00:00","og_image":[{"width":460,"height":689,"url":"https:\/\/ouestybus.com\/wp-content\/uploads\/2025\/09\/Roi-soleil.jpg","type":"image\/jpeg"}],"twitter_card":"summary_large_image","twitter_misc":{"Estimated reading time":"1 minute"},"schema":{"@context":"https:\/\/schema.org","@graph":[{"@type":"WebPage","@id":"https:\/\/ouestybus.com\/produit\/le-roi-soleil\/","url":"https:\/\/ouestybus.com\/produit\/le-roi-soleil\/","name":"Le Roi Soleil - OuesTyBus","isPartOf":{"@id":"https:\/\/ouestybus.com\/en\/#website"},"primaryImageOfPage":{"@id":"https:\/\/ouestybus.com\/produit\/le-roi-soleil\/#primaryimage"},"image":{"@id":"https:\/\/ouestybus.com\/produit\/le-roi-soleil\/#primaryimage"},"thumbnailUrl":"https:\/\/ouestybus.com\/wp-content\/uploads\/2025\/09\/Roi-soleil.jpg","datePublished":"2025-09-02T13:01:45+00:00","dateModified":"2025-09-17T15:41:22+00:00","breadcrumb":{"@id":"https:\/\/ouestybus.com\/produit\/le-roi-soleil\/#breadcrumb"},"inLanguage":"en-GB","potentialAction":[{"@type":"ReadAction","target":["https:\/\/ouestybus.com\/produit\/le-roi-soleil\/"]}]},{"@type":"ImageObject","inLanguage":"en-GB","@id":"https:\/\/ouestybus.com\/produit\/le-roi-soleil\/#primaryimage","url":"https:\/\/ouestybus.com\/wp-content\/uploads\/2025\/09\/Roi-soleil.jpg","contentUrl":"https:\/\/ouestybus.com\/wp-content\/uploads\/2025\/09\/Roi-soleil.jpg","width":460,"height":689},{"@type":"BreadcrumbList","@id":"https:\/\/ouestybus.com\/produit\/le-roi-soleil\/#breadcrumb","itemListElement":[{"@type":"ListItem","position":1,"name":"Accueil","item":"https:\/\/ouestybus.com\/"},{"@type":"ListItem","position":2,"name":"Boutique","item":"https:\/\/ouestybus.com\/en\/boutique\/"},{"@type":"ListItem","position":3,"name":"Le Roi Soleil"}]},{"@type":"WebSite","@id":"https:\/\/ouestybus.com\/en\/#website","url":"https:\/\/ouestybus.com\/en\/","name":"OuesTyBus","description":"Circuits touristiques, Tours, Transport de bagages","publisher":{"@id":"https:\/\/ouestybus.com\/en\/#organization"},"potentialAction":[{"@type":"SearchAction","target":{"@type":"EntryPoint","urlTemplate":"https:\/\/ouestybus.com\/en\/?s={search_term_string}"},"query-input":{"@type":"PropertyValueSpecification","valueRequired":true,"valueName":"search_term_string"}}],"inLanguage":"en-GB"},{"@type":"Organization","@id":"https:\/\/ouestybus.com\/en\/#organization","name":"OuesTyBus","url":"https:\/\/ouestybus.com\/en\/","logo":{"@type":"ImageObject","inLanguage":"en-GB","@id":"https:\/\/ouestybus.com\/en\/#\/schema\/logo\/image\/","url":"https:\/\/ouestybus.com\/wp-content\/uploads\/2019\/04\/logo_83.png","contentUrl":"https:\/\/ouestybus.com\/wp-content\/uploads\/2019\/04\/logo_83.png","width":64,"height":83,"caption":"OuesTyBus"},"image":{"@id":"https:\/\/ouestybus.com\/en\/#\/schema\/logo\/image\/"},"sameAs":["https:\/\/www.facebook.com\/ouestybus","https:\/\/www.instagram.com\/ouestybus29\/"]}]}},"_links":{"self":[{"href":"https:\/\/ouestybus.com\/en\/wp-json\/wp\/v2\/product\/5429","targetHints":{"allow":["GET"]}}],"collection":[{"href":"https:\/\/ouestybus.com\/en\/wp-json\/wp\/v2\/product"}],"about":[{"href":"https:\/\/ouestybus.com\/en\/wp-json\/wp\/v2\/types\/product"}],"wp:featuredmedia":[{"embeddable":true,"href":"https:\/\/ouestybus.com\/en\/wp-json\/wp\/v2\/media\/5431"}],"wp:attachment":[{"href":"https:\/\/ouestybus.com\/en\/wp-json\/wp\/v2\/media?parent=5429"}],"wp:term":[{"taxonomy":"product_brand","embeddable":true,"href":"https:\/\/ouestybus.com\/en\/wp-json\/wp\/v2\/product_brand?post=5429"},{"taxonomy":"product_cat","embeddable":true,"href":"https:\/\/ouestybus.com\/en\/wp-json\/wp\/v2\/product_cat?post=5429"},{"taxonomy":"product_tag","embeddable":true,"href":"https:\/\/ouestybus.com\/en\/wp-json\/wp\/v2\/product_tag?post=5429"}],"curies":[{"name":"wp","href":"https:\/\/api.w.org\/{rel}","templated":true}]}}